{"id":792,"date":"2025-08-25T14:54:14","date_gmt":"2025-08-25T18:54:14","guid":{"rendered":"https:\/\/www.ascaht.com\/?page_id=792"},"modified":"2025-12-04T21:48:42","modified_gmt":"2025-12-05T02:48:42","slug":"university","status":"publish","type":"page","link":"https:\/\/www.ascaht.com\/?page_id=792","title":{"rendered":"University"},"content":{"rendered":"\t\t<div data-elementor-type=\"wp-page\" data-elementor-id=\"792\" class=\"elementor elementor-792\">\n\t\t\t\t\t\t<section class=\"elementor-section elementor-top-section elementor-element elementor-element-a714eb4 elementor-section-boxed elementor-section-height-default elementor-section-height-default\" data-id=\"a714eb4\" data-element_type=\"section\">\n\t\t\t\t\t\t<div class=\"elementor-container elementor-column-gap-default\">\n\t\t\t\t\t<div class=\"elementor-column elementor-col-100 elementor-top-column elementor-element elementor-element-95523dd\" data-id=\"95523dd\" data-element_type=\"column\">\n\t\t\t<div class=\"elementor-widget-wrap elementor-element-populated\">\n\t\t\t\t\t\t<div class=\"elementor-element elementor-element-8061033 elementor-widget elementor-widget-text-editor\" data-id=\"8061033\" data-element_type=\"widget\" data-widget_type=\"text-editor.default\">\n\t\t\t\t\t\t\t\t\t<p style=\"text-align: center\"><strong><a href=\"https:\/\/university.ascaht.com\/signin\/index\" target=\"_blank\" rel=\"noopener\">Student Login<\/a>\u00a0<\/strong> |\u00a0 <a href=\"https:\/\/university.ascaht.com\/signin\/index\" target=\"_blank\" rel=\"noopener\"><strong>Faculty Login<\/strong><\/a><\/p>\t\t\t\t\t\t\t\t<\/div>\n\t\t\t\t\t<\/div>\n\t\t<\/div>\n\t\t\t\t\t<\/div>\n\t\t<\/section>\n\t\t\t\t<section class=\"elementor-section elementor-top-section elementor-element elementor-element-d0e48a9 elementor-section-boxed elementor-section-height-default elementor-section-height-default\" data-id=\"d0e48a9\" data-element_type=\"section\">\n\t\t\t\t\t\t<div class=\"elementor-container elementor-column-gap-default\">\n\t\t\t\t\t<div class=\"elementor-column elementor-col-66 elementor-top-column elementor-element elementor-element-6ad38fc\" data-id=\"6ad38fc\" data-element_type=\"column\">\n\t\t\t<div class=\"elementor-widget-wrap elementor-element-populated\">\n\t\t\t\t\t\t<div class=\"elementor-element elementor-element-67ebdb4 elementor-widget elementor-widget-text-editor\" data-id=\"67ebdb4\" data-element_type=\"widget\" data-widget_type=\"text-editor.default\">\n\t\t\t\t\t\t\t\t\t<p class=\"p1\"><strong><img fetchpriority=\"high\" decoding=\"async\" class=\"alignnone size-full wp-image-445\" src=\"https:\/\/www.ascaht.com\/wp-content\/uploads\/2022\/12\/gallery-2.jpg\" alt=\"\" width=\"910\" height=\"800\" srcset=\"https:\/\/www.ascaht.com\/wp-content\/uploads\/2022\/12\/gallery-2.jpg 910w, https:\/\/www.ascaht.com\/wp-content\/uploads\/2022\/12\/gallery-2-768x675.jpg 768w, https:\/\/www.ascaht.com\/wp-content\/uploads\/2022\/12\/gallery-2-600x527.jpg 600w\" sizes=\"(max-width: 910px) 100vw, 910px\" \/>Sou Sant ASCA<\/strong><\/p><p class=\"p1\">Sant Etid ASCA pou Antreprenarya se yon enstitisyon f\u00f2masyon pwofesyon\u00e8l ki angaje pou devlope kapasite ak vizyon j\u00e8n ayisyen yo. Nou<\/p><p class=\"p1\">kw\u00e8 ke edikasyon se kle pou lib\u00e8te ekonomik ak transf\u00f2masyon sosyal. Se pout\u00e8t sa nou mete aksan sou kou ki baze sou maketing,<\/p><p class=\"p1\">antreprenarya, ak lavant asirans vi pou ede el\u00e8v nou yo vin endepandan epi reyalize r\u00e8v yo.<\/p><p class=\"p1\"><strong>Istwa Sant la<\/strong><\/p><p class=\"p1\">ASCA te kreye ak vizyon pou pote chanjman. Li baze sou konesans, pratik, ak eksperyans akty\u00e8l nan mond biznis la. Depi k\u00f2mansman li,<\/p><p class=\"p1\">ASCA ap grandi gras ak konfyans kominote a, e li kontinye s\u00e8vi k\u00f2m yon pil\u00f2t pou jenerasyon antrepren\u00e8 ki vle f\u00e8 diferans.<\/p><p class=\"p1\"><strong>Yon bagay enteresan sou Sant nou an<\/strong><\/p><p class=\"p1\">ASCA pa s\u00e8lman anseye &#8211; li transfome. Chak kou f\u00e8t ak objektif pou devlope ladr\u00e8s konkr\u00e8. Nou mete aksan sou eksperyans rey\u00e8l,<\/p><p class=\"p1\">devlopman p\u00e8son\u00e8l, ak rezo pwofesyon\u00e8l pou asire siks\u00e8 etidyan yo. Av\u00e8k yon ekip pasyone ak devwe, nou bay chak el\u00e8v atansyon espesyal pou ede yo reyalize potansy\u00e8l yo.<\/p><p class=\"p1\"><strong>Yon Eksperyans Edikatif Rey\u00e8<\/strong>l<\/p><p class=\"p1\">Nan ASCA, fomasyon nou yo pa repete fraz san sans. Chak leson f\u00e8t ak presizyon pou reponn ak bezwen akty\u00e8l el\u00e8v yo. Nou pa s\u00e8vi ak<\/p><p class=\"p1\">&#8220;fraz kopi-kole&#8221; &#8211; chak pwogram fomasyon nou devlope se yon ekspresyon otantik ki baze sou reyalite lavant, antreprenarya, ak maketing an Ayiti.<\/p><p class=\"p1\">Se sa ki f\u00e8 ASCA pa tankou l\u00f2t lek\u00f2l \u2014 nou se premye sant ki mete aksan sou aplikasyon rey\u00e8l ak transf\u00f2masyon p\u00e8son\u00e8l.<\/p><p class=\"p1\">\u00a0<\/p>\t\t\t\t\t\t\t\t<\/div>\n\t\t\t\t\t<\/div>\n\t\t<\/div>\n\t\t\t\t<div class=\"elementor-column elementor-col-33 elementor-top-column elementor-element elementor-element-4e54d98\" data-id=\"4e54d98\" data-element_type=\"column\">\n\t\t\t<div class=\"elementor-widget-wrap elementor-element-populated\">\n\t\t\t\t\t\t<div class=\"elementor-element elementor-element-efc4c1a elementor-widget elementor-widget-image\" data-id=\"efc4c1a\" data-element_type=\"widget\" data-widget_type=\"image.default\">\n\t\t\t\t\t\t\t\t\t\t\t\t\t\t\t<img decoding=\"async\" width=\"584\" height=\"1024\" src=\"https:\/\/www.ascaht.com\/wp-content\/uploads\/2025\/10\/4df022d0-467b-48b3-b975-84de2cd65f8d-584x1024.jpg\" class=\"attachment-large size-large wp-image-966\" alt=\"\" srcset=\"https:\/\/www.ascaht.com\/wp-content\/uploads\/2025\/10\/4df022d0-467b-48b3-b975-84de2cd65f8d-584x1024.jpg 584w, https:\/\/www.ascaht.com\/wp-content\/uploads\/2025\/10\/4df022d0-467b-48b3-b975-84de2cd65f8d.jpg 730w\" sizes=\"(max-width: 584px) 100vw, 584px\" \/>\t\t\t\t\t\t\t\t\t\t\t\t\t\t\t<\/div>\n\t\t\t\t<div class=\"elementor-element elementor-element-b81ea89 elementor-widget elementor-widget-text-editor\" data-id=\"b81ea89\" data-element_type=\"widget\" data-widget_type=\"text-editor.default\">\n\t\t\t\t\t\t\t\t\t<p class=\"p1\"><strong>ASCA ede etidyan yo devlope konpetans yo nan z\u00f2n biznis, f\u00e8 pwop biznis pa yo, epi vin lid\u00e8 nan kominote yo. Ankadreman pwofesyon\u00e8l, sesyon pratik, ak eksperyans sou teren p\u00e8m\u00e8t patisipan yo grandi ak reyalize r\u00e8v yo.<\/strong><\/p>\t\t\t\t\t\t\t\t<\/div>\n\t\t\t\t<div class=\"elementor-element elementor-element-f8e4a55 elementor-widget elementor-widget-image\" data-id=\"f8e4a55\" data-element_type=\"widget\" data-widget_type=\"image.default\">\n\t\t\t\t\t\t\t\t\t\t\t\t\t\t\t<img decoding=\"async\" width=\"745\" height=\"1024\" src=\"https:\/\/www.ascaht.com\/wp-content\/uploads\/2025\/10\/WhatsApp-Image-2025-10-30-at-22.05.19-745x1024.jpeg\" class=\"attachment-large size-large wp-image-1001\" alt=\"\" srcset=\"https:\/\/www.ascaht.com\/wp-content\/uploads\/2025\/10\/WhatsApp-Image-2025-10-30-at-22.05.19-745x1024.jpeg 745w, https:\/\/www.ascaht.com\/wp-content\/uploads\/2025\/10\/WhatsApp-Image-2025-10-30-at-22.05.19-768x1055.jpeg 768w, https:\/\/www.ascaht.com\/wp-content\/uploads\/2025\/10\/WhatsApp-Image-2025-10-30-at-22.05.19.jpeg 786w\" sizes=\"(max-width: 745px) 100vw, 745px\" \/>\t\t\t\t\t\t\t\t\t\t\t\t\t\t\t<\/div>\n\t\t\t\t<div class=\"elementor-element elementor-element-ccc662c elementor-widget elementor-widget-heading\" data-id=\"ccc662c\" data-element_type=\"widget\" data-widget_type=\"heading.default\">\n\t\t\t\t\t<h3 class=\"elementor-heading-title elementor-size-default\">Nou ofri kou especialize nan Marketing, Anterprenaya, ak Lavant Asirans.<\/h3>\t\t\t\t<\/div>\n\t\t\t\t\t<\/div>\n\t\t<\/div>\n\t\t\t\t\t<\/div>\n\t\t<\/section>\n\t\t\t\t<section class=\"elementor-section elementor-top-section elementor-element elementor-element-067a8cf elementor-section-boxed elementor-section-height-default elementor-section-height-default\" data-id=\"067a8cf\" data-element_type=\"section\">\n\t\t\t\t\t\t<div class=\"elementor-container elementor-column-gap-default\">\n\t\t\t\t\t<div class=\"elementor-column elementor-col-100 elementor-top-column elementor-element elementor-element-476345f\" data-id=\"476345f\" data-element_type=\"column\">\n\t\t\t<div class=\"elementor-widget-wrap elementor-element-populated\">\n\t\t\t\t\t\t<div class=\"elementor-element elementor-element-9eab304 elementor-widget-divider--view-line elementor-widget elementor-widget-divider\" data-id=\"9eab304\" data-element_type=\"widget\" data-widget_type=\"divider.default\">\n\t\t\t\t\t\t\t<div class=\"elementor-divider\">\n\t\t\t<span class=\"elementor-divider-separator\">\n\t\t\t\t\t\t<\/span>\n\t\t<\/div>\n\t\t\t\t\t\t<\/div>\n\t\t\t\t\t<\/div>\n\t\t<\/div>\n\t\t\t\t\t<\/div>\n\t\t<\/section>\n\t\t\t\t<section class=\"elementor-section elementor-top-section elementor-element elementor-element-41ba4b0 elementor-section-boxed elementor-section-height-default elementor-section-height-default\" data-id=\"41ba4b0\" data-element_type=\"section\">\n\t\t\t\t\t\t<div class=\"elementor-container elementor-column-gap-default\">\n\t\t\t\t\t<div class=\"elementor-column elementor-col-100 elementor-top-column elementor-element elementor-element-c845686\" data-id=\"c845686\" data-element_type=\"column\">\n\t\t\t<div class=\"elementor-widget-wrap elementor-element-populated\">\n\t\t\t\t\t\t<div class=\"elementor-element elementor-element-7b715a7 elementor-widget elementor-widget-heading\" data-id=\"7b715a7\" data-element_type=\"widget\" data-widget_type=\"heading.default\">\n\t\t\t\t\t<h1 class=\"elementor-heading-title elementor-size-default\">Si ou ta renmen pran kou asirans nou an, ranpli f\u00f2m sa a anba a. <\/h1>\t\t\t\t<\/div>\n\t\t\t\t<div class=\"elementor-element elementor-element-61d095c elementor-widget-divider--view-line elementor-widget elementor-widget-divider\" data-id=\"61d095c\" data-element_type=\"widget\" data-widget_type=\"divider.default\">\n\t\t\t\t\t\t\t<div class=\"elementor-divider\">\n\t\t\t<span class=\"elementor-divider-separator\">\n\t\t\t\t\t\t<\/span>\n\t\t<\/div>\n\t\t\t\t\t\t<\/div>\n\t\t\t\t<div class=\"elementor-element elementor-element-9b490a5 elementor-widget elementor-widget-html\" data-id=\"9b490a5\" data-element_type=\"widget\" data-widget_type=\"html.default\">\n\t\t\t\t\t<iframe width=\"600\" height=\"850\" src=\"https:\/\/crm.ascaht.com\/multi_page_wtl\/form\/5b225c7ae8bb96519a545dc83d47a3b2\" frameborder=\"0\" allowfullscreen><\/iframe>\t\t\t\t<\/div>\n\t\t\t\t\t<\/div>\n\t\t<\/div>\n\t\t\t\t\t<\/div>\n\t\t<\/section>\n\t\t\t\t<\/div>\n\t\t","protected":false},"excerpt":{"rendered":"<p>Student Login\u00a0 |\u00a0 Faculty Login Sou Sant ASCA Sant Etid ASCA pou Antreprenarya se yon enstitisyon f\u00f2masyon pwofesyon\u00e8l ki angaje pou devlope kapasite ak vizyon j\u00e8n ayisyen yo. Nou kw\u00e8 [&hellip;]<\/p>\n","protected":false},"author":1,"featured_media":0,"parent":0,"menu_order":0,"comment_status":"closed","ping_status":"closed","template":"","meta":{"footnotes":""},"class_list":["post-792","page","type-page","status-publish","hentry"],"_links":{"self":[{"href":"https:\/\/www.ascaht.com\/index.php?rest_route=\/wp\/v2\/pages\/792","targetHints":{"allow":["GET"]}}],"collection":[{"href":"https:\/\/www.ascaht.com\/index.php?rest_route=\/wp\/v2\/pages"}],"about":[{"href":"https:\/\/www.ascaht.com\/index.php?rest_route=\/wp\/v2\/types\/page"}],"author":[{"embeddable":true,"href":"https:\/\/www.ascaht.com\/index.php?rest_route=\/wp\/v2\/users\/1"}],"replies":[{"embeddable":true,"href":"https:\/\/www.ascaht.com\/index.php?rest_route=%2Fwp%2Fv2%2Fcomments&post=792"}],"version-history":[{"count":28,"href":"https:\/\/www.ascaht.com\/index.php?rest_route=\/wp\/v2\/pages\/792\/revisions"}],"predecessor-version":[{"id":1035,"href":"https:\/\/www.ascaht.com\/index.php?rest_route=\/wp\/v2\/pages\/792\/revisions\/1035"}],"wp:attachment":[{"href":"https:\/\/www.ascaht.com\/index.php?rest_route=%2Fwp%2Fv2%2Fmedia&parent=792"}],"curies":[{"name":"wp","href":"https:\/\/api.w.org\/{rel}","templated":true}]}}