{"id":41,"date":"2022-12-19T02:32:45","date_gmt":"2022-12-19T02:32:45","guid":{"rendered":"https:\/\/gaviaspreview.com\/wp\/modins\/?page_id=41"},"modified":"2025-08-02T21:37:19","modified_gmt":"2025-08-02T21:37:19","slug":"team","status":"publish","type":"page","link":"https:\/\/www.ascaht.com\/?page_id=41","title":{"rendered":"Team"},"content":{"rendered":"\t\t<div data-elementor-type=\"wp-page\" data-elementor-id=\"41\" class=\"elementor elementor-41\">\n\t\t\t\t\t\t<section class=\"elementor-section elementor-top-section elementor-element elementor-element-6467490 elementor-section-full_width elementor-section-height-default elementor-section-height-default\" data-id=\"6467490\" data-element_type=\"section\">\n\t\t\t\t\t\t<div class=\"elementor-container elementor-column-gap-default\">\n\t\t\t\t\t<div class=\"elementor-column elementor-col-100 elementor-top-column elementor-element elementor-element-a9ba875\" data-id=\"a9ba875\" data-element_type=\"column\">\n\t\t\t<div class=\"elementor-widget-wrap elementor-element-populated\">\n\t\t\t\t\t\t<div class=\"elementor-element elementor-element-6eebe38 elementor-widget elementor-widget-gva_post_breadcrumb\" data-id=\"6eebe38\" data-element_type=\"widget\" data-widget_type=\"gva_post_breadcrumb.default\">\n\t\t\t\t<div class=\"elementor-widget-container\">\n\t\t\t\t\t<div class=\"gva-element-gva_post_breadcrumb gva-element\">   \r\n<div class=\"post-breadcrumb\">\r\n   <div class=\"custom-breadcrumb \" >\r\n            <div class=\"breadcrumb-main\">\r\n        <div class=\"container\">\r\n          <div class=\"breadcrumb-container-inner align-center\">\r\n            <h2 class=\"heading-title\">Team<\/h2><ol class=\"breadcrumb\"><li><a href=\"https:\/\/www.ascaht.com\">Home<\/a> <\/li> <li class=\"active\">Page<\/li><\/ol>          <\/div>  \r\n        <\/div>   \r\n      <\/div>  \r\n   <\/div>\r\n<\/div>      \r\n\r\n<\/div>\t\t\t\t<\/div>\n\t\t\t\t<\/div>\n\t\t\t\t\t<\/div>\n\t\t<\/div>\n\t\t\t\t\t<\/div>\n\t\t<\/section>\n\t\t\t\t<section class=\"elementor-section elementor-top-section elementor-element elementor-element-0595487 elementor-section-boxed elementor-section-height-default elementor-section-height-default\" data-id=\"0595487\" data-element_type=\"section\" data-settings=\"{&quot;background_background&quot;:&quot;classic&quot;}\">\n\t\t\t\t\t\t<div class=\"elementor-container elementor-column-gap-default\">\n\t\t\t\t\t<div class=\"elementor-column elementor-col-50 elementor-top-column elementor-element elementor-element-4a68c55\" data-id=\"4a68c55\" data-element_type=\"column\">\n\t\t\t<div class=\"elementor-widget-wrap elementor-element-populated\">\n\t\t\t\t\t\t<div class=\"elementor-element elementor-element-4f31c2e elementor-widget elementor-widget-gva-heading-block\" data-id=\"4f31c2e\" data-element_type=\"widget\" data-settings=\"{&quot;_animation&quot;:&quot;none&quot;}\" data-widget_type=\"gva-heading-block.default\">\n\t\t\t\t<div class=\"elementor-widget-container\">\n\t\t\t\t\t<div class=\"gva-element-gva-heading-block gva-element\">   <div class=\"align-left style-1 widget gsc-heading box-align-left auto-responsive\">\r\n      <div class=\"content-inner\">\r\n         \r\n                  \r\n         <div class=\"sub-title\"><span class=\"tagline\">Welcome to modins<\/span><\/div>  \r\n         \r\n                     <h2 class=\"title\">\r\n               <span>Jwenn formasyn rapid e serye pou avni w k\u00f6m antrepren\u00eb<\/span>\r\n            <\/h2>\r\n                  \r\n         \r\n         \r\n      <\/div>\r\n   <\/div>\r\n<\/div>\t\t\t\t<\/div>\n\t\t\t\t<\/div>\n\t\t\t\t<div class=\"elementor-element elementor-element-44c4888 elementor-widget elementor-widget-text-editor\" data-id=\"44c4888\" data-element_type=\"widget\" data-widget_type=\"text-editor.default\">\n\t\t\t\t\t\t\t\t\t<p class=\"p1\">NOU ANGAJE POU BAY J\u00c8N AYISYEN YO SIP\u00d3 EKSEPSYON\u00c8L POU REYISI.<\/p>\t\t\t\t\t\t\t\t<\/div>\n\t\t\t\t<div class=\"elementor-element elementor-element-6998eec elementor-widget elementor-widget-text-editor\" data-id=\"6998eec\" data-element_type=\"widget\" data-widget_type=\"text-editor.default\">\n\t\t\t\t\t\t\t\t\t<p class=\"p1\">ASCAHT&#8217;se yon platf\u00f4m ki la pou w devielope kapasite w, aprann k\u00f4man pou w lanse oswa amelyore pr\u00f4p biznis pa w, epi konekte ak lot j\u00e9n k&#8217;ap fe wuut la tankou ou.<\/p>\t\t\t\t\t\t\t\t<\/div>\n\t\t\t\t<div class=\"elementor-element elementor-element-5778cd2 elementor-widget__width-auto elementor-widget elementor-widget-gva-image-content\" data-id=\"5778cd2\" data-element_type=\"widget\" data-widget_type=\"gva-image-content.default\">\n\t\t\t\t<div class=\"elementor-widget-container\">\n\t\t\t\t\t<div class=\"gva-element-gva-image-content gva-element\">\t\t\r\n\t  \r\n\t \r\n\r\n\t \r\n\r\n\t\r\n\t \r\n  \r\n  \t<div class=\"about-five__single\">\r\n  \t\t<div class=\"about-five__content\">\r\n\t\t \t<div class=\"about-five__image\"><div class=\"about-five__image-inner\"><img decoding=\"async\" src=\"https:\/\/www.ascaht.com\/wp-content\/uploads\/2025\/08\/Clovis.jpg\" title=\"Clovis\" alt=\"Clovis\" loading=\"lazy\" \/><\/div><\/div><div class=\"about-five__content-inner\"><h2 class=\"about-five__title\">Clovis Charles<\/h2><div class=\"about-five__desc\">CEO<\/div><\/div>\t\t  <a href=\"#\" class=\"about-five__link\"><\/a>\r\n\t\t  \t <\/div>  \r\n  <\/div>\r\n \r\n\r\n  \r\n \r\n\r\n <\/div>\t\t\t\t<\/div>\n\t\t\t\t<\/div>\n\t\t\t\t<div class=\"elementor-element elementor-element-78a7390 elementor-widget__width-auto elementor-widget elementor-widget-html\" data-id=\"78a7390\" data-element_type=\"widget\" data-widget_type=\"html.default\">\n\t\t\t\t\t<a class=\"btn-theme-2\" href=\"https:\/\/www.ascaht.com\/?page_id=23\">\n    Dekouvri Plis <\/a>\t\t\t\t<\/div>\n\t\t\t\t\t<\/div>\n\t\t<\/div>\n\t\t\t\t<div class=\"elementor-column elementor-col-50 elementor-top-column elementor-element elementor-element-907cda4\" data-id=\"907cda4\" data-element_type=\"column\">\n\t\t\t<div class=\"elementor-widget-wrap elementor-element-populated\">\n\t\t\t\t\t\t<div class=\"elementor-element elementor-element-0137383 elementor-widget elementor-widget-image\" data-id=\"0137383\" data-element_type=\"widget\" data-widget_type=\"image.default\">\n\t\t\t\t\t\t\t\t\t\t\t\t\t\t\t<img fetchpriority=\"high\" decoding=\"async\" width=\"569\" height=\"480\" src=\"https:\/\/www.ascaht.com\/wp-content\/uploads\/2025\/08\/image-09.png\" class=\"attachment-full size-full wp-image-513\" alt=\"\" \/>\t\t\t\t\t\t\t\t\t\t\t\t\t\t\t<\/div>\n\t\t\t\t<div class=\"elementor-element elementor-element-affb3d0 elementor-widget elementor-widget-progress\" data-id=\"affb3d0\" data-element_type=\"widget\" data-widget_type=\"progress.default\">\n\t\t\t\t\t\t\t\t<span class=\"elementor-title\" id=\"elementor-progress-bar-affb3d0\">\n\t\t\t\tFormanon antreprenarya\t\t\t<\/span>\n\t\t\n\t\t<div aria-labelledby=\"elementor-progress-bar-affb3d0\" class=\"elementor-progress-wrapper\" role=\"progressbar\" aria-valuemin=\"0\" aria-valuemax=\"100\" aria-valuenow=\"93\" aria-valuetext=\"93% (Web Designer)\">\n\t\t\t<div class=\"elementor-progress-bar\" data-max=\"93\">\n\t\t\t\t<span class=\"elementor-progress-text\">Web Designer<\/span>\n\t\t\t\t\t\t\t\t\t<span class=\"elementor-progress-percentage\">93%<\/span>\n\t\t\t\t\t\t\t<\/div>\n\t\t<\/div>\n\t\t\t\t\t\t<\/div>\n\t\t\t\t\t<\/div>\n\t\t<\/div>\n\t\t\t\t\t<\/div>\n\t\t<\/section>\n\t\t\t\t<section class=\"elementor-section elementor-top-section elementor-element elementor-element-3e27d00 elementor-section-boxed elementor-section-height-default elementor-section-height-default\" data-id=\"3e27d00\" data-element_type=\"section\">\n\t\t\t\t\t\t<div class=\"elementor-container elementor-column-gap-default\">\n\t\t\t\t\t<div class=\"elementor-column elementor-col-100 elementor-top-column elementor-element elementor-element-9854f15\" data-id=\"9854f15\" data-element_type=\"column\">\n\t\t\t<div class=\"elementor-widget-wrap elementor-element-populated\">\n\t\t\t\t\t\t<div class=\"elementor-element elementor-element-c09c20c elementor-widget elementor-widget-gva-heading-block\" data-id=\"c09c20c\" data-element_type=\"widget\" data-widget_type=\"gva-heading-block.default\">\n\t\t\t\t<div class=\"elementor-widget-container\">\n\t\t\t\t\t<div class=\"gva-element-gva-heading-block gva-element\">   <div class=\"align-center style-1 widget gsc-heading box-align-center auto-responsive\">\r\n      <div class=\"content-inner\">\r\n         \r\n                  \r\n         <div class=\"sub-title\"><span class=\"tagline\">Antrepren\u00e8 ki prezante yo<\/span><\/div>  \r\n         \r\n                     <h2 class=\"title\">\r\n               <span>Rankontre pi bon antrepren\u00e8 p\u00e8f\u00f2man nou yo<\/span>\r\n            <\/h2>\r\n                  \r\n         \r\n         \r\n      <\/div>\r\n   <\/div>\r\n<\/div>\t\t\t\t<\/div>\n\t\t\t\t<\/div>\n\t\t\t\t<div class=\"elementor-element elementor-element-a6fd35f elementor-widget elementor-widget-gva-team\" data-id=\"a6fd35f\" data-element_type=\"widget\" data-widget_type=\"gva-team.default\">\n\t\t\t\t<div class=\"elementor-widget-container\">\n\t\t\t\t\t<div class=\"gva-element-gva-team gva-element\">\r\n<div class=\"gsc-team layout-grid\">\r\n   <div class=\"lg-block-grid-3 md-block-grid-3 sm-block-grid-2 xs-block-grid-1 xx-block-grid-1\">\r\n               <div class=\"item-columns\">\r\n            \r\n\t<div class=\"team-one__single elementor-repeater-item-a5bc32b\">\r\n\t\t<div class=\"team-one__image\"><img decoding=\"async\" src=\"https:\/\/www.ascaht.com\/wp-content\/uploads\/2025\/08\/FeaturedEntWoman.png\" alt=\"\" \/><div class=\"team-one__social\"><div class=\"team-one__social-control\"><i class=\"fas fa-share-alt\"><\/i><\/div><div class=\"team-one__social-link\">\t\t  <a href=\"#\">\r\n\t\t\t <i class=\"fa fa-facebook\"><\/i>\t\t  <\/a>\r\n\t\t  \t\t  <a href=\"#\">\r\n\t\t\t <i class=\"fa fa-twitter\"><\/i>\t\t  <\/a>\r\n\t\t  \t\t  <a href=\"#\">\r\n\t\t\t <i class=\"fa fa-instagram\"><\/i>\t\t  <\/a>\r\n\t\t  \t\t  <a href=\"#\">\r\n\t\t\t <i class=\"fa fa-pinterest\"><\/i>\t\t  <\/a>\r\n\t\t  <\/div><\/div><\/div>\t\r\n\t\t<div class=\"team-one__content\">\r\n\t\t\t<div class=\"team-one__content-inner\">\r\n\t\t\t\t<h3 class=\"team-one__name\">Non ou isit la<\/h3><div class=\"team-one__job\">Antrepren\u00e8<\/div>\t\t\t<\/div>   \r\n\t\t<\/div>\r\n\t<\/div>\t\t\r\n\r\n         <\/div>\r\n               <div class=\"item-columns\">\r\n            \r\n\t<div class=\"team-one__single elementor-repeater-item-b5e9054\">\r\n\t\t<div class=\"team-one__image\"><img decoding=\"async\" src=\"https:\/\/www.ascaht.com\/wp-content\/uploads\/2025\/08\/FeaturedEntMan.png\" alt=\"\" \/><div class=\"team-one__social\"><div class=\"team-one__social-control\"><i class=\"fas fa-share-alt\"><\/i><\/div><div class=\"team-one__social-link\">\t\t  <a href=\"#\">\r\n\t\t\t <i class=\"fa fa-facebook\"><\/i>\t\t  <\/a>\r\n\t\t  \t\t  <a href=\"#\">\r\n\t\t\t <i class=\"fa fa-twitter\"><\/i>\t\t  <\/a>\r\n\t\t  \t\t  <a href=\"#\">\r\n\t\t\t <i class=\"fa fa-instagram\"><\/i>\t\t  <\/a>\r\n\t\t  \t\t  <a href=\"#\">\r\n\t\t\t <i class=\"fa fa-pinterest\"><\/i>\t\t  <\/a>\r\n\t\t  <\/div><\/div><\/div>\t\r\n\t\t<div class=\"team-one__content\">\r\n\t\t\t<div class=\"team-one__content-inner\">\r\n\t\t\t\t<h3 class=\"team-one__name\">Non ou isit la<\/h3><div class=\"team-one__job\">Antrepren\u00e8<\/div>\t\t\t<\/div>   \r\n\t\t<\/div>\r\n\t<\/div>\t\t\r\n\r\n         <\/div>\r\n               <div class=\"item-columns\">\r\n            \r\n\t<div class=\"team-one__single elementor-repeater-item-ed2362f\">\r\n\t\t<div class=\"team-one__image\"><img decoding=\"async\" src=\"https:\/\/www.ascaht.com\/wp-content\/uploads\/2025\/08\/FeaturedEntWoman.png\" alt=\"\" \/><div class=\"team-one__social\"><div class=\"team-one__social-control\"><i class=\"fas fa-share-alt\"><\/i><\/div><div class=\"team-one__social-link\">\t\t  <a href=\"#\">\r\n\t\t\t <i class=\"fa fa-facebook\"><\/i>\t\t  <\/a>\r\n\t\t  \t\t  <a href=\"#\">\r\n\t\t\t <i class=\"fa fa-twitter\"><\/i>\t\t  <\/a>\r\n\t\t  \t\t  <a href=\"#\">\r\n\t\t\t <i class=\"fa fa-instagram\"><\/i>\t\t  <\/a>\r\n\t\t  \t\t  <a href=\"#\">\r\n\t\t\t <i class=\"fa fa-pinterest\"><\/i>\t\t  <\/a>\r\n\t\t  <\/div><\/div><\/div>\t\r\n\t\t<div class=\"team-one__content\">\r\n\t\t\t<div class=\"team-one__content-inner\">\r\n\t\t\t\t<h3 class=\"team-one__name\">Non ou isit la<\/h3><div class=\"team-one__job\">Antrepren\u00e8<\/div>\t\t\t<\/div>   \r\n\t\t<\/div>\r\n\t<\/div>\t\t\r\n\r\n         <\/div>\r\n               <div class=\"item-columns\">\r\n            \r\n\t<div class=\"team-one__single elementor-repeater-item-d74b548\">\r\n\t\t<div class=\"team-one__image\"><img decoding=\"async\" src=\"https:\/\/www.ascaht.com\/wp-content\/uploads\/2025\/08\/FeaturedEntMan.png\" alt=\"\" \/><div class=\"team-one__social\"><div class=\"team-one__social-control\"><i class=\"fas fa-share-alt\"><\/i><\/div><div class=\"team-one__social-link\">\t\t  <a href=\"#\">\r\n\t\t\t <i class=\"fa fa-facebook\"><\/i>\t\t  <\/a>\r\n\t\t  \t\t  <a href=\"#\">\r\n\t\t\t <i class=\"fa fa-twitter\"><\/i>\t\t  <\/a>\r\n\t\t  \t\t  <a href=\"#\">\r\n\t\t\t <i class=\"fa fa-instagram\"><\/i>\t\t  <\/a>\r\n\t\t  \t\t  <a href=\"#\">\r\n\t\t\t <i class=\"fa fa-pinterest\"><\/i>\t\t  <\/a>\r\n\t\t  <\/div><\/div><\/div>\t\r\n\t\t<div class=\"team-one__content\">\r\n\t\t\t<div class=\"team-one__content-inner\">\r\n\t\t\t\t<h3 class=\"team-one__name\">Non ou isit la<\/h3><div class=\"team-one__job\">Antrepren\u00e8<\/div>\t\t\t<\/div>   \r\n\t\t<\/div>\r\n\t<\/div>\t\t\r\n\r\n         <\/div>\r\n               <div class=\"item-columns\">\r\n            \r\n\t<div class=\"team-one__single elementor-repeater-item-3a80645\">\r\n\t\t<div class=\"team-one__image\"><img decoding=\"async\" src=\"https:\/\/www.ascaht.com\/wp-content\/uploads\/2025\/08\/FeaturedEntWoman.png\" alt=\"\" \/><div class=\"team-one__social\"><div class=\"team-one__social-control\"><i class=\"fas fa-share-alt\"><\/i><\/div><div class=\"team-one__social-link\">\t\t  <a href=\"#\">\r\n\t\t\t <i class=\"fa fa-facebook\"><\/i>\t\t  <\/a>\r\n\t\t  \t\t  <a href=\"#\">\r\n\t\t\t <i class=\"fa fa-twitter\"><\/i>\t\t  <\/a>\r\n\t\t  \t\t  <a href=\"#\">\r\n\t\t\t <i class=\"fa fa-instagram\"><\/i>\t\t  <\/a>\r\n\t\t  \t\t  <a href=\"#\">\r\n\t\t\t <i class=\"fa fa-pinterest\"><\/i>\t\t  <\/a>\r\n\t\t  <\/div><\/div><\/div>\t\r\n\t\t<div class=\"team-one__content\">\r\n\t\t\t<div class=\"team-one__content-inner\">\r\n\t\t\t\t<h3 class=\"team-one__name\">Non ou isit la<\/h3><div class=\"team-one__job\">Antrepren\u00e8<\/div>\t\t\t<\/div>   \r\n\t\t<\/div>\r\n\t<\/div>\t\t\r\n\r\n         <\/div>\r\n               <div class=\"item-columns\">\r\n            \r\n\t<div class=\"team-one__single elementor-repeater-item-aadd20f\">\r\n\t\t<div class=\"team-one__image\"><img decoding=\"async\" src=\"https:\/\/www.ascaht.com\/wp-content\/uploads\/2025\/08\/FeaturedEntMan.png\" alt=\"\" \/><div class=\"team-one__social\"><div class=\"team-one__social-control\"><i class=\"fas fa-share-alt\"><\/i><\/div><div class=\"team-one__social-link\">\t\t  <a href=\"#\">\r\n\t\t\t <i class=\"fa fa-facebook\"><\/i>\t\t  <\/a>\r\n\t\t  \t\t  <a href=\"#\">\r\n\t\t\t <i class=\"fa fa-twitter\"><\/i>\t\t  <\/a>\r\n\t\t  \t\t  <a href=\"#\">\r\n\t\t\t <i class=\"fa fa-instagram\"><\/i>\t\t  <\/a>\r\n\t\t  \t\t  <a href=\"#\">\r\n\t\t\t <i class=\"fa fa-pinterest\"><\/i>\t\t  <\/a>\r\n\t\t  <\/div><\/div><\/div>\t\r\n\t\t<div class=\"team-one__content\">\r\n\t\t\t<div class=\"team-one__content-inner\">\r\n\t\t\t\t<h3 class=\"team-one__name\">Non ou isit la<\/h3><div class=\"team-one__job\">Antrepren\u00e8<\/div>\t\t\t<\/div>   \r\n\t\t<\/div>\r\n\t<\/div>\t\t\r\n\r\n         <\/div>\r\n         <\/div>   \r\n<\/div>\r\n<\/div>\t\t\t\t<\/div>\n\t\t\t\t<\/div>\n\t\t\t\t\t<\/div>\n\t\t<\/div>\n\t\t\t\t\t<\/div>\n\t\t<\/section>\n\t\t\t\t<\/div>\n\t\t","protected":false},"excerpt":{"rendered":"<p>Team Home Page Welcome to modins Jwenn formasyn rapid e serye pou avni w k\u00f6m antrepren\u00eb NOU ANGAJE POU BAY J\u00c8N AYISYEN YO SIP\u00d3 EKSEPSYON\u00c8L POU REYISI. ASCAHT&#8217;se yon platf\u00f4m [&hellip;]<\/p>\n","protected":false},"author":1,"featured_media":0,"parent":0,"menu_order":0,"comment_status":"closed","ping_status":"closed","template":"","meta":{"footnotes":""},"class_list":["post-41","page","type-page","status-publish","hentry"],"_links":{"self":[{"href":"https:\/\/www.ascaht.com\/index.php?rest_route=\/wp\/v2\/pages\/41","targetHints":{"allow":["GET"]}}],"collection":[{"href":"https:\/\/www.ascaht.com\/index.php?rest_route=\/wp\/v2\/pages"}],"about":[{"href":"https:\/\/www.ascaht.com\/index.php?rest_route=\/wp\/v2\/types\/page"}],"author":[{"embeddable":true,"href":"https:\/\/www.ascaht.com\/index.php?rest_route=\/wp\/v2\/users\/1"}],"replies":[{"embeddable":true,"href":"https:\/\/www.ascaht.com\/index.php?rest_route=%2Fwp%2Fv2%2Fcomments&post=41"}],"version-history":[{"count":12,"href":"https:\/\/www.ascaht.com\/index.php?rest_route=\/wp\/v2\/pages\/41\/revisions"}],"predecessor-version":[{"id":526,"href":"https:\/\/www.ascaht.com\/index.php?rest_route=\/wp\/v2\/pages\/41\/revisions\/526"}],"wp:attachment":[{"href":"https:\/\/www.ascaht.com\/index.php?rest_route=%2Fwp%2Fv2%2Fmedia&parent=41"}],"curies":[{"name":"wp","href":"https:\/\/api.w.org\/{rel}","templated":true}]}}