{"id":23,"date":"2022-12-19T02:29:04","date_gmt":"2022-12-19T02:29:04","guid":{"rendered":"https:\/\/gaviaspreview.com\/wp\/modins\/?page_id=23"},"modified":"2025-12-07T15:11:48","modified_gmt":"2025-12-07T20:11:48","slug":"about","status":"publish","type":"page","link":"https:\/\/www.ascaht.com\/?page_id=23","title":{"rendered":"About"},"content":{"rendered":"\t\t<div data-elementor-type=\"wp-page\" data-elementor-id=\"23\" class=\"elementor elementor-23\">\n\t\t\t\t\t\t<section class=\"elementor-section elementor-top-section elementor-element elementor-element-ee503c8 elementor-section-boxed elementor-section-height-default elementor-section-height-default\" data-id=\"ee503c8\" data-element_type=\"section\" data-settings=\"{&quot;background_background&quot;:&quot;slideshow&quot;,&quot;background_slideshow_gallery&quot;:[{&quot;id&quot;:529,&quot;url&quot;:&quot;https:\\\/\\\/www.ascaht.com\\\/wp-content\\\/uploads\\\/2025\\\/08\\\/breadcrumb-02-1.jpg&quot;},{&quot;id&quot;:527,&quot;url&quot;:&quot;https:\\\/\\\/www.ascaht.com\\\/wp-content\\\/uploads\\\/2025\\\/08\\\/breadcrumb-01-3.jpg&quot;}],&quot;background_slideshow_ken_burns&quot;:&quot;yes&quot;,&quot;background_slideshow_loop&quot;:&quot;yes&quot;,&quot;background_slideshow_slide_duration&quot;:5000,&quot;background_slideshow_slide_transition&quot;:&quot;fade&quot;,&quot;background_slideshow_transition_duration&quot;:500,&quot;background_slideshow_ken_burns_zoom_direction&quot;:&quot;in&quot;}\">\n\t\t\t\t\t\t<div class=\"elementor-container elementor-column-gap-default\">\n\t\t\t\t\t<div class=\"elementor-column elementor-col-100 elementor-top-column elementor-element elementor-element-8028c45\" data-id=\"8028c45\" data-element_type=\"column\">\n\t\t\t<div class=\"elementor-widget-wrap elementor-element-populated\">\n\t\t\t\t\t\t<div class=\"elementor-element elementor-element-44fce45 elementor-widget elementor-widget-gva-heading-block\" data-id=\"44fce45\" data-element_type=\"widget\" data-widget_type=\"gva-heading-block.default\">\n\t\t\t\t<div class=\"elementor-widget-container\">\n\t\t\t\t\t<div class=\"gva-element-gva-heading-block gva-element\">   <div class=\"align-left style-1 widget gsc-heading box-align-left auto-responsive\">\r\n      <div class=\"content-inner\">\r\n         \r\n                  \r\n           \r\n         \r\n                     <h2 class=\"title\">\r\n               <span>Kons\u00e8nan<\/span>\r\n            <\/h2>\r\n                  \r\n                     <div class=\"title-desc\">Bay kliyan yo pi bon kontra asirans lan.<\/div>\r\n         \r\n         \r\n      <\/div>\r\n   <\/div>\r\n<\/div>\t\t\t\t<\/div>\n\t\t\t\t<\/div>\n\t\t\t\t\t<\/div>\n\t\t<\/div>\n\t\t\t\t\t<\/div>\n\t\t<\/section>\n\t\t\t\t<section class=\"elementor-section elementor-top-section elementor-element elementor-element-f278454 elementor-section-boxed elementor-section-height-default elementor-section-height-default\" data-id=\"f278454\" data-element_type=\"section\">\n\t\t\t\t\t\t<div class=\"elementor-container elementor-column-gap-default\">\n\t\t\t\t\t<div class=\"elementor-column elementor-col-50 elementor-top-column elementor-element elementor-element-7fba472\" data-id=\"7fba472\" data-element_type=\"column\">\n\t\t\t<div class=\"elementor-widget-wrap elementor-element-populated\">\n\t\t\t\t\t\t<div class=\"elementor-element elementor-element-80d5429 elementor-widget elementor-widget-gva-image-content\" data-id=\"80d5429\" data-element_type=\"widget\" data-widget_type=\"gva-image-content.default\">\n\t\t\t\t<div class=\"elementor-widget-container\">\n\t\t\t\t\t<div class=\"gva-element-gva-image-content gva-element\">\t\t\r\n\t  \r\n\t \r\n\r\n\t \r\n\r\n\t\r\n\t \r\n  \r\n \r\n\r\n  \r\n \r\n\r\n\t<div class=\"about-seven__single\">\r\n\t  \t<div class=\"about-seven__content\"><div class=\"about-seven__image\">\t\t  <a href=\"https:\/\/gaviaspreview.com\/wp\/modins\/contact\/\">\r\n\t\t\t <img decoding=\"async\" src=\"https:\/\/www.ascaht.com\/wp-content\/uploads\/2025\/10\/4df022d0-467b-48b3-b975-84de2cd65f8d.jpg\" alt=\"\" \/>\t\t  <\/a>\r\n\t\t  <\/div><div class=\"about-seven__logo\"><img decoding=\"async\" src=\"https:\/\/www.ascaht.com\/wp-content\/uploads\/2025\/08\/Logo-Trans.png\" alt=\"\" \/><\/div><\/div>\t<\/div>\r\n <\/div>\t\t\t\t<\/div>\n\t\t\t\t<\/div>\n\t\t\t\t\t<\/div>\n\t\t<\/div>\n\t\t\t\t<div class=\"elementor-column elementor-col-50 elementor-top-column elementor-element elementor-element-01c3651\" data-id=\"01c3651\" data-element_type=\"column\">\n\t\t\t<div class=\"elementor-widget-wrap elementor-element-populated\">\n\t\t\t\t\t\t<div class=\"elementor-element elementor-element-35cee78 elementor-widget elementor-widget-gva-heading-block\" data-id=\"35cee78\" data-element_type=\"widget\" data-settings=\"{&quot;_animation&quot;:&quot;none&quot;}\" data-widget_type=\"gva-heading-block.default\">\n\t\t\t\t<div class=\"elementor-widget-container\">\n\t\t\t\t\t<div class=\"gva-element-gva-heading-block gva-element\">   <div class=\"align-left style-1 widget gsc-heading box-align-left auto-responsive\">\r\n      <div class=\"content-inner\">\r\n         \r\n                  \r\n         <div class=\"sub-title\"><span class=\"tagline\">Kons\u00e8nan konpayi<\/span><\/div>  \r\n         \r\n                     <h2 class=\"title\">\r\n               <span>ASCAHT \u2013 Yon platf\u00f2m teknolojik, edikasyon\u00e8l ak maketing<\/span>\r\n            <\/h2>\r\n                  \r\n                     <div class=\"title-desc\">Nou la pou w aprann, grandi epi reyisi.\nNou kw\u00e8 nan kapasite w. Ou ka lanse pw\u00f2p biznis ou, ou ka devlope t\u00e8t ou, epi ou ka kreye yon avni ou fy\u00e8 de li. Se pou sa ASCAHT.com la \u2014 pou bay w zouti, kouraj ak koneksyon.\n\n\ud83d\udccc \"Ou gen potansy\u00e8l. Nou ede w reveye l.\"<\/div>\r\n         \r\n         \r\n      <\/div>\r\n   <\/div>\r\n<\/div>\t\t\t\t<\/div>\n\t\t\t\t<\/div>\n\t\t\t\t<div class=\"elementor-element elementor-element-47abf2e elementor-position-left icon-box-left elementor-view-default elementor-mobile-position-top elementor-widget elementor-widget-icon-box\" data-id=\"47abf2e\" data-element_type=\"widget\" data-widget_type=\"icon-box.default\">\n\t\t\t\t\t\t\t<div class=\"elementor-icon-box-wrapper\">\n\n\t\t\t\t\t\t<div class=\"elementor-icon-box-icon\">\n\t\t\t\t<span  class=\"elementor-icon\">\n\t\t\t\t<i aria-hidden=\"true\" class=\" micon__employees\"><\/i>\t\t\t\t<\/span>\n\t\t\t<\/div>\n\t\t\t\n\t\t\t\t\t\t<div class=\"elementor-icon-box-content\">\n\n\t\t\t\t\t\t\t\t\t<h3 class=\"elementor-icon-box-title\">\n\t\t\t\t\t\t<span  >\n\t\t\t\t\t\t\tPwoteje lavi w\t\t\t\t\t\t<\/span>\n\t\t\t\t\t<\/h3>\n\t\t\t\t\n\t\t\t\t\t\t\t\t\t<p class=\"elementor-icon-box-description\">\n\t\t\t\t\t\tNou la pou swiv ou depi nan k\u00f2mansman rive nan fen.\t\t\t\t\t<\/p>\n\t\t\t\t\n\t\t\t<\/div>\n\t\t\t\n\t\t<\/div>\n\t\t\t\t\t\t<\/div>\n\t\t\t\t<div class=\"elementor-element elementor-element-b2ca915 elementor-view-stacked elementor-position-left elementor-widget__width-auto icon-box-left elementor-shape-circle elementor-mobile-position-top elementor-widget elementor-widget-icon-box\" data-id=\"b2ca915\" data-element_type=\"widget\" data-widget_type=\"icon-box.default\">\n\t\t\t\t\t\t\t<div class=\"elementor-icon-box-wrapper\">\n\n\t\t\t\t\t\t<div class=\"elementor-icon-box-icon\">\n\t\t\t\t<span  class=\"elementor-icon\">\n\t\t\t\t<i aria-hidden=\"true\" class=\" micon__phone-ringing\"><\/i>\t\t\t\t<\/span>\n\t\t\t<\/div>\n\t\t\t\n\t\t\t\t\t\t<div class=\"elementor-icon-box-content\">\n\n\t\t\t\t\t\t\t\t\t<h3 class=\"elementor-icon-box-title\">\n\t\t\t\t\t\t<span  >\n\t\t\t\t\t\t\tCall experts\t\t\t\t\t\t<\/span>\n\t\t\t\t\t<\/h3>\n\t\t\t\t\n\t\t\t\t\t\t\t\t\t<p class=\"elementor-icon-box-description\">\n\t\t\t\t\t\t+5094812 4524\t\t\t\t\t<\/p>\n\t\t\t\t\n\t\t\t<\/div>\n\t\t\t\n\t\t<\/div>\n\t\t\t\t\t\t<\/div>\n\t\t\t\t<div class=\"elementor-element elementor-element-5da4145 elementor-widget__width-auto elementor-widget elementor-widget-html\" data-id=\"5da4145\" data-element_type=\"widget\" data-widget_type=\"html.default\">\n\t\t\t\t\t<a class=\"btn-theme-2\" href=#>\n    Dekouvri Plis\n<\/a>\t\t\t\t<\/div>\n\t\t\t\t\t<\/div>\n\t\t<\/div>\n\t\t\t\t\t<\/div>\n\t\t<\/section>\n\t\t\t\t<section class=\"elementor-section elementor-top-section elementor-element elementor-element-702b8ed elementor-section-boxed elementor-section-height-default elementor-section-height-default\" data-id=\"702b8ed\" data-element_type=\"section\" data-settings=\"{&quot;background_background&quot;:&quot;classic&quot;}\">\n\t\t\t\t\t\t<div class=\"elementor-container elementor-column-gap-default\">\n\t\t\t\t\t<div class=\"elementor-column elementor-col-100 elementor-top-column elementor-element elementor-element-9fc1c3f\" data-id=\"9fc1c3f\" data-element_type=\"column\">\n\t\t\t<div class=\"elementor-widget-wrap elementor-element-populated\">\n\t\t\t\t\t\t<section class=\"elementor-section elementor-inner-section elementor-element elementor-element-47f1915 elementor-section-boxed elementor-section-height-default elementor-section-height-default\" data-id=\"47f1915\" data-element_type=\"section\" data-settings=\"{&quot;background_background&quot;:&quot;classic&quot;}\">\n\t\t\t\t\t\t<div class=\"elementor-container elementor-column-gap-default\">\n\t\t\t\t\t<div class=\"elementor-column elementor-col-50 elementor-inner-column elementor-element elementor-element-59cd73f\" data-id=\"59cd73f\" data-element_type=\"column\">\n\t\t\t<div class=\"elementor-widget-wrap elementor-element-populated\">\n\t\t\t\t\t\t<div class=\"elementor-element elementor-element-51361c9 elementor-widget elementor-widget-heading\" data-id=\"51361c9\" data-element_type=\"widget\" data-widget_type=\"heading.default\">\n\t\t\t\t\t<h2 class=\"elementor-heading-title elementor-size-default\">Jwenn yon ajan asirans lokal<\/h2>\t\t\t\t<\/div>\n\t\t\t\t\t<\/div>\n\t\t<\/div>\n\t\t\t\t<div class=\"elementor-column elementor-col-50 elementor-inner-column elementor-element elementor-element-81ac4f1\" data-id=\"81ac4f1\" data-element_type=\"column\">\n\t\t\t<div class=\"elementor-widget-wrap elementor-element-populated\">\n\t\t\t\t\t\t<div class=\"elementor-element elementor-element-7b77df5 elementor-widget__width-auto elementor-widget elementor-widget-html\" data-id=\"7b77df5\" data-element_type=\"widget\" data-widget_type=\"html.default\">\n\t\t\t\t\t<a class=\"btn-theme\" href=\"https:\/\/www.ascaht.com\/?page_id=30\">\n    Kontakte nou\n<\/a>\t\t\t\t<\/div>\n\t\t\t\t\t<\/div>\n\t\t<\/div>\n\t\t\t\t\t<\/div>\n\t\t<\/section>\n\t\t\t\t\t<\/div>\n\t\t<\/div>\n\t\t\t\t\t<\/div>\n\t\t<\/section>\n\t\t\t\t<section class=\"elementor-section elementor-top-section elementor-element elementor-element-2b1fdfb elementor-section-boxed elementor-section-height-default elementor-section-height-default\" data-id=\"2b1fdfb\" data-element_type=\"section\">\n\t\t\t\t\t\t<div class=\"elementor-container elementor-column-gap-default\">\n\t\t\t\t\t<div class=\"elementor-column elementor-col-100 elementor-top-column elementor-element elementor-element-f9e27d8\" data-id=\"f9e27d8\" data-element_type=\"column\">\n\t\t\t<div class=\"elementor-widget-wrap elementor-element-populated\">\n\t\t\t\t\t\t<div class=\"elementor-element elementor-element-e83a927 elementor-widget elementor-widget-gva-heading-block\" data-id=\"e83a927\" data-element_type=\"widget\" data-widget_type=\"gva-heading-block.default\">\n\t\t\t\t<div class=\"elementor-widget-container\">\n\t\t\t\t\t<div class=\"gva-element-gva-heading-block gva-element\">   <div class=\"align-center style-1 widget gsc-heading box-align-center auto-responsive\">\r\n      <div class=\"content-inner\">\r\n         \r\n                  \r\n         <div class=\"sub-title\"><span class=\"tagline\">Kons\u00e8y Egzekitif<\/span><\/div>  \r\n         \r\n                     <h2 class=\"title\">\r\n               <span>Rankontre manm kons\u00e8y egzekitif nou yo<\/span>\r\n            <\/h2>\r\n                  \r\n         \r\n         \r\n      <\/div>\r\n   <\/div>\r\n<\/div>\t\t\t\t<\/div>\n\t\t\t\t<\/div>\n\t\t\t\t<div class=\"elementor-element elementor-element-1723680 elementor-widget elementor-widget-gva-team\" data-id=\"1723680\" data-element_type=\"widget\" data-widget_type=\"gva-team.default\">\n\t\t\t\t<div class=\"elementor-widget-container\">\n\t\t\t\t\t<div class=\"gva-element-gva-team gva-element\">\r\n<div class=\"swiper-slider-wrapper gsc-team layout-carousel \">\r\n   <div class=\"swiper-content-inner\">   \r\n      <div class=\"init-carousel-swiper swiper\" data-carousel=\"{&quot;items&quot;:3,&quot;items_lg&quot;:3,&quot;items_md&quot;:3,&quot;items_sm&quot;:2,&quot;items_xs&quot;:1,&quot;items_xx&quot;:1,&quot;effect&quot;:&quot;slide&quot;,&quot;space_between&quot;:30,&quot;loop&quot;:1,&quot;speed&quot;:1200,&quot;autoplay&quot;:1,&quot;autoplay_delay&quot;:5000,&quot;autoplay_hover&quot;:1,&quot;navigation&quot;:1,&quot;pagination&quot;:0,&quot;dynamic_bullets&quot;:0,&quot;pagination_type&quot;:&quot;bullets&quot;}\">\r\n         <div class=\"swiper-wrapper\">\r\n                           <div class=\"swiper-slide\">\r\n                  \r\n\t<div class=\"team-one__single elementor-repeater-item-a5bc32b\">\r\n\t\t<div class=\"team-one__image\"><img decoding=\"async\" src=\"https:\/\/www.ascaht.com\/wp-content\/uploads\/2025\/10\/CEO.png\" alt=\"\" \/><div class=\"team-one__social\"><div class=\"team-one__social-control\"><i class=\"fas fa-share-alt\"><\/i><\/div><div class=\"team-one__social-link\">\t\t  <a href=\"#\">\r\n\t\t\t <i class=\"fa fa-facebook\"><\/i>\t\t  <\/a>\r\n\t\t  \t\t  <a href=\"#\">\r\n\t\t\t <i class=\"fa fa-twitter\"><\/i>\t\t  <\/a>\r\n\t\t  \t\t  <a href=\"#\">\r\n\t\t\t <i class=\"fa fa-instagram\"><\/i>\t\t  <\/a>\r\n\t\t  \t\t  <a href=\"#\">\r\n\t\t\t <i class=\"fa fa-pinterest\"><\/i>\t\t  <\/a>\r\n\t\t  <\/div><\/div><\/div>\t\r\n\t\t<div class=\"team-one__content\">\r\n\t\t\t<div class=\"team-one__content-inner\">\r\n\t\t\t\t<h3 class=\"team-one__name\">Clovis Charles<\/h3><div class=\"team-one__job\">CEO<\/div>\t\t\t<\/div>   \r\n\t\t<\/div>\r\n\t<\/div>\t\t\r\n\r\n               <\/div>\r\n                           <div class=\"swiper-slide\">\r\n                  \r\n\t<div class=\"team-one__single elementor-repeater-item-b5e9054\">\r\n\t\t<div class=\"team-one__image\"><img decoding=\"async\" src=\"https:\/\/www.ascaht.com\/wp-content\/uploads\/2025\/10\/cfo.png\" alt=\"\" \/><div class=\"team-one__social\"><div class=\"team-one__social-control\"><i class=\"fas fa-share-alt\"><\/i><\/div><div class=\"team-one__social-link\">\t\t  <a href=\"#\">\r\n\t\t\t <i class=\"fa fa-facebook\"><\/i>\t\t  <\/a>\r\n\t\t  \t\t  <a href=\"#\">\r\n\t\t\t <i class=\"fa fa-twitter\"><\/i>\t\t  <\/a>\r\n\t\t  \t\t  <a href=\"#\">\r\n\t\t\t <i class=\"fa fa-instagram\"><\/i>\t\t  <\/a>\r\n\t\t  \t\t  <a href=\"#\">\r\n\t\t\t <i class=\"fa fa-pinterest\"><\/i>\t\t  <\/a>\r\n\t\t  <\/div><\/div><\/div>\t\r\n\t\t<div class=\"team-one__content\">\r\n\t\t\t<div class=\"team-one__content-inner\">\r\n\t\t\t\t<h3 class=\"team-one__name\">Stanley Saint Hubert<\/h3><div class=\"team-one__job\">CFO<\/div>\t\t\t<\/div>   \r\n\t\t<\/div>\r\n\t<\/div>\t\t\r\n\r\n               <\/div>\r\n                           <div class=\"swiper-slide\">\r\n                  \r\n\t<div class=\"team-one__single elementor-repeater-item-01ac7f9\">\r\n\t\t<div class=\"team-one__image\"><img decoding=\"async\" src=\"https:\/\/www.ascaht.com\/wp-content\/uploads\/2025\/12\/ec.png\" alt=\"\" \/><div class=\"team-one__social\"><div class=\"team-one__social-control\"><i class=\"fas fa-share-alt\"><\/i><\/div><div class=\"team-one__social-link\">\t\t  <a href=\"#\">\r\n\t\t\t <i class=\"fa fa-facebook\"><\/i>\t\t  <\/a>\r\n\t\t  \t\t  <a href=\"#\">\r\n\t\t\t <i class=\"fa fa-twitter\"><\/i>\t\t  <\/a>\r\n\t\t  \t\t  <a href=\"#\">\r\n\t\t\t <i class=\"fa fa-instagram\"><\/i>\t\t  <\/a>\r\n\t\t  \t\t  <a href=\"#\">\r\n\t\t\t <i class=\"fa fa-pinterest\"><\/i>\t\t  <\/a>\r\n\t\t  <\/div><\/div><\/div>\t\r\n\t\t<div class=\"team-one__content\">\r\n\t\t\t<div class=\"team-one__content-inner\">\r\n\t\t\t\t<h3 class=\"team-one__name\">Kelie Simeon<\/h3><div class=\"team-one__job\">EC<\/div>\t\t\t<\/div>   \r\n\t\t<\/div>\r\n\t<\/div>\t\t\r\n\r\n               <\/div>\r\n                           <div class=\"swiper-slide\">\r\n                  \r\n\t<div class=\"team-one__single elementor-repeater-item-acb1fa1\">\r\n\t\t<div class=\"team-one__image\"><img decoding=\"async\" src=\"https:\/\/www.ascaht.com\/wp-content\/uploads\/2025\/10\/4df022d0-467b-48b3-b975-84de2cd65f8d.jpg\" alt=\"\" \/><div class=\"team-one__social\"><div class=\"team-one__social-control\"><i class=\"fas fa-share-alt\"><\/i><\/div><div class=\"team-one__social-link\">\t\t  <a href=\"#\">\r\n\t\t\t <i class=\"fa fa-facebook\"><\/i>\t\t  <\/a>\r\n\t\t  \t\t  <a href=\"#\">\r\n\t\t\t <i class=\"fa fa-twitter\"><\/i>\t\t  <\/a>\r\n\t\t  \t\t  <a href=\"#\">\r\n\t\t\t <i class=\"fa fa-instagram\"><\/i>\t\t  <\/a>\r\n\t\t  \t\t  <a href=\"#\">\r\n\t\t\t <i class=\"fa fa-pinterest\"><\/i>\t\t  <\/a>\r\n\t\t  <\/div><\/div><\/div>\t\r\n\t\t<div class=\"team-one__content\">\r\n\t\t\t<div class=\"team-one__content-inner\">\r\n\t\t\t\t<h3 class=\"team-one__name\">Madjyna Mayas<\/h3><div class=\"team-one__job\">HR<\/div>\t\t\t<\/div>   \r\n\t\t<\/div>\r\n\t<\/div>\t\t\r\n\r\n               <\/div>\r\n                     <\/div> \r\n      <\/div>\r\n   <\/div>   \r\n   <div class=\"swiper-pagination\"><\/div>   <div class=\"swiper-nav-next\"><\/div><div class=\"swiper-nav-prev\"><\/div><\/div>\r\n<\/div>\t\t\t\t<\/div>\n\t\t\t\t<\/div>\n\t\t\t\t\t<\/div>\n\t\t<\/div>\n\t\t\t\t\t<\/div>\n\t\t<\/section>\n\t\t\t\t<\/div>\n\t\t","protected":false},"excerpt":{"rendered":"<p>Kons\u00e8nan Bay kliyan yo pi bon kontra asirans lan. Kons\u00e8nan konpayi ASCAHT \u2013 Yon platf\u00f2m teknolojik, edikasyon\u00e8l ak maketing Nou la pou w aprann, grandi epi reyisi. Nou kw\u00e8 nan [&hellip;]<\/p>\n","protected":false},"author":1,"featured_media":0,"parent":0,"menu_order":0,"comment_status":"closed","ping_status":"closed","template":"","meta":{"footnotes":""},"class_list":["post-23","page","type-page","status-publish","hentry"],"_links":{"self":[{"href":"https:\/\/www.ascaht.com\/index.php?rest_route=\/wp\/v2\/pages\/23","targetHints":{"allow":["GET"]}}],"collection":[{"href":"https:\/\/www.ascaht.com\/index.php?rest_route=\/wp\/v2\/pages"}],"about":[{"href":"https:\/\/www.ascaht.com\/index.php?rest_route=\/wp\/v2\/types\/page"}],"author":[{"embeddable":true,"href":"https:\/\/www.ascaht.com\/index.php?rest_route=\/wp\/v2\/users\/1"}],"replies":[{"embeddable":true,"href":"https:\/\/www.ascaht.com\/index.php?rest_route=%2Fwp%2Fv2%2Fcomments&post=23"}],"version-history":[{"count":63,"href":"https:\/\/www.ascaht.com\/index.php?rest_route=\/wp\/v2\/pages\/23\/revisions"}],"predecessor-version":[{"id":1045,"href":"https:\/\/www.ascaht.com\/index.php?rest_route=\/wp\/v2\/pages\/23\/revisions\/1045"}],"wp:attachment":[{"href":"https:\/\/www.ascaht.com\/index.php?rest_route=%2Fwp%2Fv2%2Fmedia&parent=23"}],"curies":[{"name":"wp","href":"https:\/\/api.w.org\/{rel}","templated":true}]}}